{"id":250,"date":"2025-03-17T16:33:37","date_gmt":"2025-03-17T16:33:37","guid":{"rendered":"https:\/\/gotuk.pt\/?page_id=250"},"modified":"2026-01-26T17:13:13","modified_gmt":"2026-01-26T17:13:13","slug":"sobre-nos","status":"publish","type":"page","link":"https:\/\/gotuk.pt\/pt\/about-us\/","title":{"rendered":"Sobre n\u00f3s"},"content":{"rendered":"<div data-elementor-type=\"wp-page\" data-elementor-id=\"250\" class=\"elementor elementor-250\" data-elementor-post-type=\"page\">\n\t\t\t\t<div class=\"elementor-element elementor-element-f5db533 e-con-full e-flex e-con e-parent\" data-id=\"f5db533\" data-element_type=\"container\" data-e-type=\"container\">\n\t\t<div class=\"elementor-element elementor-element-8dd0b63 e-con-full e-flex e-con e-child\" data-id=\"8dd0b63\" data-element_type=\"container\" data-e-type=\"container\">\n\t\t\t\t<div class=\"elementor-element elementor-element-89f201e elementor-widget elementor-widget-image\" data-id=\"89f201e\" data-element_type=\"widget\" data-e-type=\"widget\" data-widget_type=\"image.default\">\n\t\t\t\t<div class=\"elementor-widget-container\">\n\t\t\t\t\t\t\t\t\t\t\t\t\t\t\t<img fetchpriority=\"high\" decoding=\"async\" width=\"1605\" height=\"1818\" src=\"https:\/\/gotuk.pt\/wp-content\/uploads\/2025\/03\/image-hero-about.webp\" class=\"attachment-full size-full wp-image-256\" alt=\"\" srcset=\"https:\/\/gotuk.pt\/wp-content\/uploads\/2025\/03\/image-hero-about.webp 1605w, https:\/\/gotuk.pt\/wp-content\/uploads\/2025\/03\/image-hero-about-265x300.webp 265w, https:\/\/gotuk.pt\/wp-content\/uploads\/2025\/03\/image-hero-about-904x1024.webp 904w, https:\/\/gotuk.pt\/wp-content\/uploads\/2025\/03\/image-hero-about-768x870.webp 768w, https:\/\/gotuk.pt\/wp-content\/uploads\/2025\/03\/image-hero-about-1356x1536.webp 1356w\" sizes=\"(max-width: 1605px) 100vw, 1605px\" \/>\t\t\t\t\t\t\t\t\t\t\t\t\t\t\t<\/div>\n\t\t\t\t<\/div>\n\t\t\t\t<\/div>\n\t\t<div class=\"elementor-element elementor-element-568cf7a e-con-full e-flex e-con e-child\" data-id=\"568cf7a\" data-element_type=\"container\" data-e-type=\"container\">\n\t\t\t\t<div class=\"elementor-element elementor-element-cadabb8 elementor-widget elementor-widget-text-editor\" data-id=\"cadabb8\" data-element_type=\"widget\" data-e-type=\"widget\" data-widget_type=\"text-editor.default\">\n\t\t\t\t<div class=\"elementor-widget-container\">\n\t\t\t\t\t\t\t\t\t<p>A nossa hist\u00f3ria<\/p>\t\t\t\t\t\t\t\t<\/div>\n\t\t\t\t<\/div>\n\t\t\t\t<div class=\"elementor-element elementor-element-41ef523 elementor-widget__width-initial elementor-widget elementor-widget-heading\" data-id=\"41ef523\" data-element_type=\"widget\" data-e-type=\"widget\" data-widget_type=\"heading.default\">\n\t\t\t\t<div class=\"elementor-widget-container\">\n\t\t\t\t\t<h3 class=\"elementor-heading-title elementor-size-default\"><span class=\"destaque\">A GoTuk: <\/span> Onde a tradi\u00e7\u00e3o encontra a inova\u00e7\u00e3o<\/h3>\t\t\t\t<\/div>\n\t\t\t\t<\/div>\n\t\t\t\t<div class=\"elementor-element elementor-element-21fef46 elementor-widget__width-initial elementor-widget elementor-widget-text-editor\" data-id=\"21fef46\" data-element_type=\"widget\" data-e-type=\"widget\" data-widget_type=\"text-editor.default\">\n\t\t\t\t<div class=\"elementor-widget-container\">\n\t\t\t\t\t\t\t\t\t<p class=\"translation-block\">A GoTuk nasceu de uma vis\u00e3o: unir inova\u00e7\u00e3o tecnol\u00f3gica \u00e0 rica heran\u00e7a cultural de Lisboa, atrav\u00e9s de uma solu\u00e7\u00e3o que simplica a mobilidade tur\u00edstica.\nSeja para GoTukers em busca de explorar a cidade ou para Guias que desejam aumentar os seus rendimentos, a GoTuk \u00e9 a plataforma certa.<\/p>\t\t\t\t\t\t\t\t<\/div>\n\t\t\t\t<\/div>\n\t\t\t\t<\/div>\n\t\t\t\t<\/div>\n\t\t<div class=\"elementor-element elementor-element-0e849e2 e-flex e-con-boxed e-con e-parent\" data-id=\"0e849e2\" data-element_type=\"container\" data-e-type=\"container\">\n\t\t\t\t\t<div class=\"e-con-inner\">\n\t\t<div class=\"elementor-element elementor-element-153020e e-con-full e-flex e-con e-child\" data-id=\"153020e\" data-element_type=\"container\" data-e-type=\"container\">\n\t\t\t\t<div class=\"elementor-element elementor-element-897a199 elementor-widget__width-initial elementor-widget elementor-widget-image-box\" data-id=\"897a199\" data-element_type=\"widget\" data-e-type=\"widget\" data-widget_type=\"image-box.default\">\n\t\t\t\t<div class=\"elementor-widget-container\">\n\t\t\t\t\t<div class=\"elementor-image-box-wrapper\"><div class=\"elementor-image-box-content\"><h3 class=\"elementor-image-box-title\">A nossa miss\u00e3o<\/h3><p class=\"elementor-image-box-description\">Oferecer experi\u00eancias tur\u00edsticas aut\u00eanticas, promover o turismo sustent\u00e1vel e fortalecer a economia local, conectando pessoas a aventuras \u00fanicas em Lisboa.<\/p><\/div><\/div>\t\t\t\t<\/div>\n\t\t\t\t<\/div>\n\t\t\t\t<div class=\"elementor-element elementor-element-fd671d5 elementor-widget__width-initial elementor-widget elementor-widget-image-box\" data-id=\"fd671d5\" data-element_type=\"widget\" data-e-type=\"widget\" data-widget_type=\"image-box.default\">\n\t\t\t\t<div class=\"elementor-widget-container\">\n\t\t\t\t\t<div class=\"elementor-image-box-wrapper\"><div class=\"elementor-image-box-content\"><h3 class=\"elementor-image-box-title\">Os nossos valores<\/h3><p class=\"elementor-image-box-description\">Sustentabilidade: Dar prioridade aos Tuk Tuks el\u00e9ctricos e \u00e0s solu\u00e7\u00f5es ecol\u00f3gicas.\n<br> Inova\u00e7\u00e3o: Tornar as viagens urbanas mais simples e eficientes.<br>\nComunidade: Apoiar motoristas locais e fomentar o turismo regional.<\/p><\/div><\/div>\t\t\t\t<\/div>\n\t\t\t\t<\/div>\n\t\t\t\t<\/div>\n\t\t\t\t\t<\/div>\n\t\t\t\t<\/div>\n\t\t<div class=\"elementor-element elementor-element-9f0da4f e-flex e-con-boxed e-con e-parent\" data-id=\"9f0da4f\" data-element_type=\"container\" data-e-type=\"container\">\n\t\t\t\t\t<div class=\"e-con-inner\">\n\t\t<div class=\"elementor-element elementor-element-9ccc9e0 e-con-full e-flex e-con e-child\" data-id=\"9ccc9e0\" data-element_type=\"container\" data-e-type=\"container\">\n\t\t\t\t<div class=\"elementor-element elementor-element-f2f0d3e elementor-widget__width-initial elementor-widget elementor-widget-image-box\" data-id=\"f2f0d3e\" data-element_type=\"widget\" data-e-type=\"widget\" data-widget_type=\"image-box.default\">\n\t\t\t\t<div class=\"elementor-widget-container\">\n\t\t\t\t\t<div class=\"elementor-image-box-wrapper\"><div class=\"elementor-image-box-content\"><h3 class=\"elementor-image-box-title\">Acreditamos em fazer mais...<\/h3><p class=\"elementor-image-box-description\">\nSomos uma empresa socialmente respons\u00e1vel. Apoiamos a Funda\u00e7\u00e3o do Gil, que h\u00e1 25 anos trabalha com crian\u00e7as e jovens vulner\u00e1veis, para que possam desenvolver todo o seu potencial e n\u00e3o se deixem limitar pelo seu passado. \n<br> \u00c9 um motivo de orgulho poder contribuir para este importante projeto.<br><\/p><\/div><\/div>\t\t\t\t<\/div>\n\t\t\t\t<\/div>\n\t\t\t\t<\/div>\n\t\t\t\t\t<\/div>\n\t\t\t\t<\/div>\n\t\t<div class=\"elementor-element elementor-element-9866553 e-flex e-con-boxed e-con e-parent\" data-id=\"9866553\" data-element_type=\"container\" data-e-type=\"container\">\n\t\t\t\t\t<div class=\"e-con-inner\">\n\t\t\t\t<div class=\"elementor-element elementor-element-40be17a elementor-widget elementor-widget-image\" data-id=\"40be17a\" data-element_type=\"widget\" data-e-type=\"widget\" data-widget_type=\"image.default\">\n\t\t\t\t<div class=\"elementor-widget-container\">\n\t\t\t\t\t\t\t\t\t\t\t\t\t\t\t<img decoding=\"async\" width=\"327\" height=\"111\" src=\"https:\/\/gotuk.pt\/wp-content\/uploads\/2025\/03\/FG_logo_horiz_sobre_branco.webp\" class=\"attachment-large size-large wp-image-141\" alt=\"\" srcset=\"https:\/\/gotuk.pt\/wp-content\/uploads\/2025\/03\/FG_logo_horiz_sobre_branco.webp 327w, https:\/\/gotuk.pt\/wp-content\/uploads\/2025\/03\/FG_logo_horiz_sobre_branco-300x102.webp 300w\" sizes=\"(max-width: 327px) 100vw, 327px\" \/>\t\t\t\t\t\t\t\t\t\t\t\t\t\t\t<\/div>\n\t\t\t\t<\/div>\n\t\t\t\t\t<\/div>\n\t\t\t\t<\/div>\n\t\t<div class=\"elementor-element elementor-element-1b9747a e-flex e-con-boxed e-con e-parent\" data-id=\"1b9747a\" data-element_type=\"container\" data-e-type=\"container\" data-settings=\"{&quot;background_background&quot;:&quot;classic&quot;}\">\n\t\t\t\t\t<div class=\"e-con-inner\">\n\t\t<div class=\"elementor-element elementor-element-b60e00e e-con-full e-flex e-con e-child\" data-id=\"b60e00e\" data-element_type=\"container\" data-e-type=\"container\">\n\t\t\t\t<div class=\"elementor-element elementor-element-2e41b8a elementor-widget elementor-widget-heading\" data-id=\"2e41b8a\" data-element_type=\"widget\" data-e-type=\"widget\" data-widget_type=\"heading.default\">\n\t\t\t\t<div class=\"elementor-widget-container\">\n\t\t\t\t\t<span class=\"elementor-heading-title elementor-size-default\">Junta-te a n\u00f3s<\/span>\t\t\t\t<\/div>\n\t\t\t\t<\/div>\n\t\t\t\t<div class=\"elementor-element elementor-element-2b44ec6 elementor-widget__width-initial elementor-widget elementor-widget-heading\" data-id=\"2b44ec6\" data-element_type=\"widget\" data-e-type=\"widget\" data-widget_type=\"heading.default\">\n\t\t\t\t<div class=\"elementor-widget-container\">\n\t\t\t\t\t<h4 class=\"elementor-heading-title elementor-size-default\">Descobre como a GoTuk transforma a forma como Lisboa \u00e9 explorada e vivida.\n<\/h4>\t\t\t\t<\/div>\n\t\t\t\t<\/div>\n\t\t<div class=\"elementor-element elementor-element-88f9621 e-con-full e-flex e-con e-child\" data-id=\"88f9621\" data-element_type=\"container\" data-e-type=\"container\">\n\t\t\t\t<div class=\"elementor-element elementor-element-86043c2 elementor-widget elementor-widget-image\" data-id=\"86043c2\" data-element_type=\"widget\" data-e-type=\"widget\" data-widget_type=\"image.default\">\n\t\t\t\t<div class=\"elementor-widget-container\">\n\t\t\t\t\t\t\t\t\t\t\t\t\t\t\t\t<a href=\"https:\/\/play.google.com\/store\/apps\/details?id=com.gotuk.dm\" target=\"_blank\" rel=\"noopener\">\n\t\t\t\t\t\t\t<img decoding=\"async\" width=\"120\" height=\"37\" src=\"https:\/\/gotuk.pt\/wp-content\/uploads\/2025\/03\/Badge.svg\" class=\"attachment-full size-full wp-image-25\" alt=\"\" \/>\t\t\t\t\t\t\t\t<\/a>\n\t\t\t\t\t\t\t\t\t\t\t\t\t\t\t<\/div>\n\t\t\t\t<\/div>\n\t\t\t\t<div class=\"elementor-element elementor-element-43f6379 elementor-widget elementor-widget-image\" data-id=\"43f6379\" data-element_type=\"widget\" data-e-type=\"widget\" data-widget_type=\"image.default\">\n\t\t\t\t<div class=\"elementor-widget-container\">\n\t\t\t\t\t\t\t\t\t\t\t\t\t\t\t\t<a href=\"https:\/\/apps.apple.com\/pw\/app\/gotuk\/id6504156451\" target=\"_blank\" rel=\"noopener\">\n\t\t\t\t\t\t\t<img loading=\"lazy\" decoding=\"async\" width=\"107\" height=\"37\" src=\"https:\/\/gotuk.pt\/wp-content\/uploads\/2025\/03\/Badge-1.svg\" class=\"attachment-full size-full wp-image-24\" alt=\"\" \/>\t\t\t\t\t\t\t\t<\/a>\n\t\t\t\t\t\t\t\t\t\t\t\t\t\t\t<\/div>\n\t\t\t\t<\/div>\n\t\t\t\t<\/div>\n\t\t\t\t<\/div>\n\t\t<div class=\"elementor-element elementor-element-fbb7cc1 e-con-full e-flex e-con e-child\" data-id=\"fbb7cc1\" data-element_type=\"container\" data-e-type=\"container\">\n\t\t\t\t<div class=\"elementor-element elementor-element-b15790a elementor-widget elementor-widget-image\" data-id=\"b15790a\" data-element_type=\"widget\" data-e-type=\"widget\" data-widget_type=\"image.default\">\n\t\t\t\t<div class=\"elementor-widget-container\">\n\t\t\t\t\t\t\t\t\t\t\t\t\t\t\t<img loading=\"lazy\" decoding=\"async\" width=\"800\" height=\"671\" src=\"https:\/\/gotuk.pt\/wp-content\/uploads\/2025\/03\/cta-sobre-1024x859.webp\" class=\"attachment-large size-large wp-image-263\" alt=\"\" srcset=\"https:\/\/gotuk.pt\/wp-content\/uploads\/2025\/03\/cta-sobre-1024x859.webp 1024w, https:\/\/gotuk.pt\/wp-content\/uploads\/2025\/03\/cta-sobre-300x252.webp 300w, https:\/\/gotuk.pt\/wp-content\/uploads\/2025\/03\/cta-sobre-768x644.webp 768w, https:\/\/gotuk.pt\/wp-content\/uploads\/2025\/03\/cta-sobre-1536x1288.webp 1536w, https:\/\/gotuk.pt\/wp-content\/uploads\/2025\/03\/cta-sobre.webp 1767w\" sizes=\"(max-width: 800px) 100vw, 800px\" \/>\t\t\t\t\t\t\t\t\t\t\t\t\t\t\t<\/div>\n\t\t\t\t<\/div>\n\t\t\t\t<\/div>\n\t\t\t\t\t<\/div>\n\t\t\t\t<\/div>\n\t\t\t\t<\/div>","protected":false},"excerpt":{"rendered":"<p>Our Story GoTuk: Where Tradition Meets Innovation GoTuk was born from a vision to blend technological innovation with Lisbon\u2019s rich cultural heritage, offering a solution that simplifies tourist mobility. Whether you&#8217;re a GoTuker looking to explore the city or a Guide seeking to increase your earnings, GoTuk is the right platform for you. Our Mission [&hellip;]<\/p>\n","protected":false},"author":4,"featured_media":0,"parent":0,"menu_order":0,"comment_status":"closed","ping_status":"closed","template":"elementor_header_footer","meta":{"_joinchat":[],"footnotes":""},"class_list":["post-250","page","type-page","status-publish","hentry"],"_links":{"self":[{"href":"https:\/\/gotuk.pt\/pt\/wp-json\/wp\/v2\/pages\/250","targetHints":{"allow":["GET"]}}],"collection":[{"href":"https:\/\/gotuk.pt\/pt\/wp-json\/wp\/v2\/pages"}],"about":[{"href":"https:\/\/gotuk.pt\/pt\/wp-json\/wp\/v2\/types\/page"}],"author":[{"embeddable":true,"href":"https:\/\/gotuk.pt\/pt\/wp-json\/wp\/v2\/users\/4"}],"replies":[{"embeddable":true,"href":"https:\/\/gotuk.pt\/pt\/wp-json\/wp\/v2\/comments?post=250"}],"version-history":[{"count":63,"href":"https:\/\/gotuk.pt\/pt\/wp-json\/wp\/v2\/pages\/250\/revisions"}],"predecessor-version":[{"id":1284,"href":"https:\/\/gotuk.pt\/pt\/wp-json\/wp\/v2\/pages\/250\/revisions\/1284"}],"wp:attachment":[{"href":"https:\/\/gotuk.pt\/pt\/wp-json\/wp\/v2\/media?parent=250"}],"curies":[{"name":"wp","href":"https:\/\/api.w.org\/{rel}","templated":true}]}}