{"id":312,"date":"2025-03-17T16:55:08","date_gmt":"2025-03-17T16:55:08","guid":{"rendered":"https:\/\/gotuk.pt\/?page_id=312"},"modified":"2026-03-24T01:28:01","modified_gmt":"2026-03-24T01:28:01","slug":"termos-e-condicoes-de-utilizacao","status":"publish","type":"page","link":"https:\/\/gotuk.pt\/pt\/terms-and-conditions-of-use\/","title":{"rendered":"Termos e condi\u00e7\u00f5es de utiliza\u00e7\u00e3o"},"content":{"rendered":"<div data-elementor-type=\"wp-page\" data-elementor-id=\"312\" class=\"elementor elementor-312\" data-elementor-post-type=\"page\">\n\t\t\t\t<div class=\"elementor-element elementor-element-c5e06d4 e-flex e-con-boxed e-con e-parent\" data-id=\"c5e06d4\" data-element_type=\"container\" data-e-type=\"container\" data-settings=\"{&quot;background_background&quot;:&quot;classic&quot;}\">\n\t\t\t\t\t<div class=\"e-con-inner\">\n\t\t\t\t<div class=\"elementor-element elementor-element-114bca5 elementor-vertical-align-middle elementor-widget elementor-widget-image-box\" data-id=\"114bca5\" data-element_type=\"widget\" data-e-type=\"widget\" data-widget_type=\"image-box.default\">\n\t\t\t\t<div class=\"elementor-widget-container\">\n\t\t\t\t\t<div class=\"elementor-image-box-wrapper\"><div class=\"elementor-image-box-content\"><h3 class=\"elementor-image-box-title\">Termos e Condi\u00e7\u00f5es de Utiliza\u00e7\u00e3o da GoTuk<\/h3><\/div><\/div>\t\t\t\t<\/div>\n\t\t\t\t<\/div>\n\t\t\t\t\t<\/div>\n\t\t\t\t<\/div>\n\t\t<div class=\"elementor-element elementor-element-e808e54 e-flex e-con-boxed e-con e-parent\" data-id=\"e808e54\" data-element_type=\"container\" data-e-type=\"container\">\n\t\t\t\t\t<div class=\"e-con-inner\">\n\t\t\t\t<div class=\"elementor-element elementor-element-0929017 elementor-widget__width-inherit elementor-widget elementor-widget-text-editor\" data-id=\"0929017\" data-element_type=\"widget\" data-e-type=\"widget\" data-widget_type=\"text-editor.default\">\n\t\t\t\t<div class=\"elementor-widget-container\">\n\t\t\t\t\t\t\t\t\t<p class=\"translation-block\"><strong>1. Introdu\u00e7\u00e3o<\/strong>  .<br><br>\nBem-vindo \u00e0 GoTuk (Aplica\u00e7\u00e3o e\/ou site). Estes Termos e Condi\u00e7\u00f5es regulam o uso da nossa Aplica\u00e7\u00e3o e\/ou site, dispon\u00edvel atrav\u00e9s de dispositivos m\u00f3veis e outras plataformas. Ao utilizar a nossa Aplica\u00e7\u00e3o e\/ou site, concorda em cumprir os presentes Termos e Condi\u00e7\u00f5es. Caso n\u00e3o concorde com os mesmos, n\u00e3o dever\u00e1 utilizar a  \nAplica\u00e7\u00e3o e\/ou site.  .<br><br>\n  \n<strong>2. Defini\u00e7\u00f5es<\/strong>  <br><br>\nAplica\u00e7\u00e3o: Refere-se \u00e0 plataforma digital GoTuk disponibilizada para os utilizadores. Utilizador: Refere-se \u00e0 pessoa f\u00edsica ou jur\u00eddica que acede ou utiliza a  \nAplica\u00e7\u00e3o e\/ou site. N\u00f3s ou Nosso\/Nossa: Refere-se \u00e0 entidade propriet\u00e1ria da Aplica\u00e7\u00e3o e\/ou site \u2013 C.Inov.  .<br><br>\n  \n<strong>3. Condi\u00e7\u00f5es de Utiliza\u00e7\u00e3o<\/strong>  <br><br>\nO Utilizador compromete-se a utilizar a Aplica\u00e7\u00e3o e\/ou site de acordo com a lei, a moral e a ordem p\u00fablica, abstendo-se de realizar atividades il\u00edcitas ou  \nque possam causar preju\u00edzos \u00e0 Aplica\u00e7\u00e3o e\/ou site ou a terceiros.  .<br><br>\n  \n<strong>4. Registo e Conta do Utilizador<\/strong>  <br><br>\nPara utilizar algumas funcionalidades da Aplica\u00e7\u00e3o e\/ou site, o Utilizador dever\u00e1 criar uma conta fornecendo informa\u00e7\u00f5es verdadeiras e completas. O Utilizador \u00e9 respons\u00e1vel  \npor manter a confidencialidade dos dados de acesso \u00e0 sua conta e por todas as atividades realizadas na sua conta.  .<br><br>\n  \n<strong>5. Pre\u00e7\u00e1rio<\/strong>  <br><br>\nOs pre\u00e7os est\u00e3o sujeitos \u00e0s campanhas em vigor.  .<br><br>\n  \n<strong>6. Privacidade e Prote\u00e7\u00e3o de Dados<\/strong>  <br><br>\nCumprimos com o RGPD e outras legisla\u00e7\u00f5es aplic\u00e1veis de prote\u00e7\u00e3o de dados em Portugal. Ao utilizar a nossa Aplica\u00e7\u00e3o e\/ou site, o Utilizador concorda com a nossa Pol\u00edtica de Privacidade, que descreve como recolhemos, usamos e protegemos os seus dados pessoais.<\/p><p class=\"translation-block\"><strong>7. Propriedade Intelectual<\/strong>  <br><br>\nTodos os direitos de propriedade intelectual relacionados com a Aplica\u00e7\u00e3o e\/ou site, incluindo, mas n\u00e3o se limitando a, textos, imagens, logotipos, gr\u00e1ficos, e software, s\u00e3o da nossa propriedade ou licenciados para n\u00f3s. O Utilizador n\u00e3o poder\u00e1 utilizar nenhum conte\u00fado da Aplica\u00e7\u00e3o e\/ou site sem a nossa pr\u00e9via autoriza\u00e7\u00e3o por escrito.  <br><br>\n  \n<strong>8. Limita\u00e7\u00e3o de Responsabilidade<\/strong>  <br><br>\nN\u00f3s envidaremos todos os esfor\u00e7os para manter a Aplica\u00e7\u00e3o e\/ou site operacional e livre de erros. No entanto, n\u00e3o podemos garantir que a Aplica\u00e7\u00e3o e\/ou site funcionar\u00e3o sem interrup\u00e7\u00f5es ou erros. N\u00e3o somos respons\u00e1veis por quaisquer perdas ou danos que possam resultar do uso ou da incapacidade de usar a Aplica\u00e7\u00e3o e\/ou site, exceto quando tal responsabilidade seja obrigat\u00f3ria por lei.  <br><br>\n  \n<strong>9. Modifica\u00e7\u00f5es nos Termos e Condi\u00e7\u00f5es<\/strong>  <br><br>\nReservamo-nos o direito de alterar estes Termos e Condi\u00e7\u00f5es a qualquer momento, mediante aviso pr\u00e9vio ao Utilizador. As altera\u00e7\u00f5es ser\u00e3o publicadas na Aplica\u00e7\u00e3o e\/ou site, e o uso continuado da Aplica\u00e7\u00e3o e\/ou site ap\u00f3s tais altera\u00e7\u00f5es implicar\u00e1 a aceita\u00e7\u00e3o dos novos Termos e Condi\u00e7\u00f5es.  <br><br>\n  \n<strong>10. Resolu\u00e7\u00e3o de Lit\u00edgios<\/strong>  <br><br>\nEm caso de lit\u00edgio decorrente do uso da Aplica\u00e7\u00e3o e\/ou site, este ser\u00e1 submetido aos tribunais competentes de Lisboa, em conformidade com a legisla\u00e7\u00e3o portuguesa.  <br><br>\n  \n<strong>11. Lei Aplic\u00e1vel<\/strong>  <br><br>\nEstes Termos e Condi\u00e7\u00f5es s\u00e3o regidos pela legisla\u00e7\u00e3o vigente em Portugal.  <br><br>\n  \n<strong>12. Contacto<\/strong>  <br><br>\nPara mais informa\u00e7\u00f5es ou esclarecimentos sobre estes Termos e Condi\u00e7\u00f5es, entre em contacto connosco atrav\u00e9s do e-mail: suporte@gotuk.pt.<\/p>\t\t\t\t\t\t\t\t<\/div>\n\t\t\t\t<\/div>\n\t\t\t\t\t<\/div>\n\t\t\t\t<\/div>\n\t\t\t\t<\/div>","protected":false},"excerpt":{"rendered":"<p>GoTuk Terms and Conditions of Use 1. IntroductionWelcome to GoTuk (Application and\/or website). These Terms and Conditions govern the use of our Application and\/or website, available through mobile devices and other platforms. By using our Application and\/or website, you agree to comply with these Terms and Conditions. If you donot agree with them, you should [&hellip;]<\/p>\n","protected":false},"author":4,"featured_media":0,"parent":0,"menu_order":0,"comment_status":"closed","ping_status":"closed","template":"elementor_header_footer","meta":{"_joinchat":[],"footnotes":""},"class_list":["post-312","page","type-page","status-publish","hentry"],"_links":{"self":[{"href":"https:\/\/gotuk.pt\/pt\/wp-json\/wp\/v2\/pages\/312","targetHints":{"allow":["GET"]}}],"collection":[{"href":"https:\/\/gotuk.pt\/pt\/wp-json\/wp\/v2\/pages"}],"about":[{"href":"https:\/\/gotuk.pt\/pt\/wp-json\/wp\/v2\/types\/page"}],"author":[{"embeddable":true,"href":"https:\/\/gotuk.pt\/pt\/wp-json\/wp\/v2\/users\/4"}],"replies":[{"embeddable":true,"href":"https:\/\/gotuk.pt\/pt\/wp-json\/wp\/v2\/comments?post=312"}],"version-history":[{"count":23,"href":"https:\/\/gotuk.pt\/pt\/wp-json\/wp\/v2\/pages\/312\/revisions"}],"predecessor-version":[{"id":1442,"href":"https:\/\/gotuk.pt\/pt\/wp-json\/wp\/v2\/pages\/312\/revisions\/1442"}],"wp:attachment":[{"href":"https:\/\/gotuk.pt\/pt\/wp-json\/wp\/v2\/media?parent=312"}],"curies":[{"name":"wp","href":"https:\/\/api.w.org\/{rel}","templated":true}]}}