{"id":507,"date":"2025-04-08T14:52:25","date_gmt":"2025-04-08T14:52:25","guid":{"rendered":"https:\/\/gotuk.pt\/?page_id=507"},"modified":"2025-06-10T13:52:58","modified_gmt":"2025-06-10T13:52:58","slug":"faq-negocios","status":"publish","type":"page","link":"https:\/\/gotuk.pt\/pt\/faq-business\/","title":{"rendered":"Faq Neg\u00f3cios"},"content":{"rendered":"<div data-elementor-type=\"wp-page\" data-elementor-id=\"507\" class=\"elementor elementor-507\" data-elementor-post-type=\"page\">\n\t\t\t\t<div class=\"elementor-element elementor-element-b4879ae e-flex e-con-boxed e-con e-parent\" data-id=\"b4879ae\" data-element_type=\"container\" data-e-type=\"container\">\n\t\t\t\t\t<div class=\"e-con-inner\">\n\t\t<div class=\"elementor-element elementor-element-026ce21 e-con-full e-flex e-con e-child\" data-id=\"026ce21\" data-element_type=\"container\" data-e-type=\"container\">\n\t\t\t\t<div class=\"elementor-element elementor-element-60917da elementor-widget__width-initial elementor-widget elementor-widget-heading\" data-id=\"60917da\" data-element_type=\"widget\" data-e-type=\"widget\" data-widget_type=\"heading.default\">\n\t\t\t\t<div class=\"elementor-widget-container\">\n\t\t\t\t\t<h3 class=\"elementor-heading-title elementor-size-default\">N\u00e3o perca tempo nem clientes - Junte-se \u00e0 GoTuk, a aplica\u00e7\u00e3o que vai impulsionar\nseu neg\u00f3cio!<\/h3>\t\t\t\t<\/div>\n\t\t\t\t<\/div>\n\t\t\t\t<div class=\"elementor-element elementor-element-5f7b147 elementor-widget elementor-widget-n-accordion\" data-id=\"5f7b147\" data-element_type=\"widget\" data-e-type=\"widget\" data-settings=\"{&quot;default_state&quot;:&quot;all_collapsed&quot;,&quot;max_items_expended&quot;:&quot;one&quot;,&quot;n_accordion_animation_duration&quot;:{&quot;unit&quot;:&quot;ms&quot;,&quot;size&quot;:400,&quot;sizes&quot;:[]}}\" data-widget_type=\"nested-accordion.default\">\n\t\t\t\t<div class=\"elementor-widget-container\">\n\t\t\t\t\t\t\t<div class=\"e-n-accordion\" aria-label=\"Acorde\u00e3o. Abrir liga\u00e7\u00f5es com Enter ou Espa\u00e7o, fechar com Escape e navegar com Setas\">\n\t\t\t\t\t\t<details id=\"e-n-accordion-item-1000\" class=\"e-n-accordion-item\" >\n\t\t\t\t<summary class=\"e-n-accordion-item-title\" data-accordion-index=\"1\" tabindex=\"0\" aria-expanded=\"false\" aria-controls=\"e-n-accordion-item-1000\" >\n\t\t\t\t\t<span class='e-n-accordion-item-title-header'><div class=\"e-n-accordion-item-title-text\"> Como posso criar uma conta no BackOffice para Organiza\u00e7\u00f5es (Orgs)? <\/div><\/span>\n\t\t\t\t\t\t\t<span class='e-n-accordion-item-title-icon'>\n\t\t\t<span class='e-opened' ><svg xmlns=\"http:\/\/www.w3.org\/2000\/svg\" width=\"39\" height=\"39\" viewbox=\"0 0 39 39\" fill=\"none\"><g clip-path=\"url(#clip0_1_2294)\"><path d=\"M0.822662 19.3182C0.822662 29.7333 9.26577 38.1764 19.6809 38.1764C30.096 38.1764 38.5391 29.7333 38.5391 19.3182C38.5391 8.90306 30.096 0.459961 19.6809 0.459961C9.26577 0.459961 0.822662 8.90306 0.822662 19.3182Z\" stroke=\"#F3F3F3\" stroke-width=\"0.919913\"><\/path><rect x=\"11\" y=\"19\" width=\"18\" height=\"2\" rx=\"1\" fill=\"#E51D45\"><\/rect><\/g><defs><clippath id=\"clip0_1_2294\"><rect width=\"39\" height=\"39\" fill=\"white\"><\/rect><\/clippath><\/defs><\/svg><\/span>\n\t\t\t<span class='e-closed'><svg xmlns=\"http:\/\/www.w3.org\/2000\/svg\" width=\"39\" height=\"39\" viewbox=\"0 0 39 39\" fill=\"none\"><g clip-path=\"url(#clip0_1_491)\"><path d=\"M0.822662 19.3182C0.822662 29.7333 9.26577 38.1764 19.6809 38.1764C30.096 38.1764 38.5391 29.7333 38.5391 19.3182C38.5391 8.90306 30.096 0.459961 19.6809 0.459961C9.26577 0.459961 0.822662 8.90306 0.822662 19.3182Z\" stroke=\"#F3F3F3\" stroke-width=\"0.919913\"><\/path><path fill-rule=\"evenodd\" clip-rule=\"evenodd\" d=\"M21.1444 26.2014L21.0987 19.8148L27.4852 19.8605C28.0773 19.8647 28.5538 19.3882 28.5496 18.7961C28.5454 18.204 28.0619 17.7206 27.4698 17.7163L20.998 17.67L20.9517 11.1989C20.9475 10.6068 20.464 10.1234 19.8719 10.1192C19.2798 10.1149 18.8033 10.5915 18.8075 11.1836L18.8532 17.5702L12.4668 17.5245C11.8747 17.5203 11.3981 17.9968 11.4024 18.5889C11.4066 19.181 11.89 19.6644 12.4821 19.6687L18.954 19.715L19.0003 26.1861C19.0045 26.7782 19.4879 27.2616 20.08 27.2658C20.6721 27.2701 21.1487 26.7935 21.1444 26.2014Z\" fill=\"#E51D45\"><\/path><\/g><defs><clippath id=\"clip0_1_491\"><rect width=\"39\" height=\"39\" fill=\"white\"><\/rect><\/clippath><\/defs><\/svg><\/span>\n\t\t<\/span>\n\n\t\t\t\t\t\t<\/summary>\n\t\t\t\t<div role=\"region\" aria-labelledby=\"e-n-accordion-item-1000\" class=\"elementor-element elementor-element-82bbfd7 e-con-full e-flex e-con e-child\" data-id=\"82bbfd7\" data-element_type=\"container\" data-e-type=\"container\">\n\t\t\t\t<div class=\"elementor-element elementor-element-3499f9d elementor-widget elementor-widget-text-editor\" data-id=\"3499f9d\" data-element_type=\"widget\" data-e-type=\"widget\" data-widget_type=\"text-editor.default\">\n\t\t\t\t<div class=\"elementor-widget-container\">\n\t\t\t\t\t\t\t\t\t<p class=\"translation-block\" data-start=\"131\" data-end=\"465\">Se \u00e9s uma empresa ou um profissional independente, o primeiro passo \u00e9 criar uma conta no BackOffice dedicado \u00e0s organiza\u00e7\u00f5es (Orgs) em <a class=\"\" href=\"https:\/\/business.gotuk.pt\/\" target=\"_new\" rel=\"noopener\" data-start=\"414\" data-end=\"440\">https:\/\/business.gotuk.pt\/<\/a>.<br data-start=\"441\" data-end=\"444\">Segue estes passos:<\/p><ul data-start=\"466\" data-end=\"858\"><li class=\"\" data-start=\"466\" data-end=\"483\"><p class=\"\" data-start=\"468\" data-end=\"483\">Clica em Inscrever<\/p><\/li><li class=\"\" data-start=\"484\" data-end=\"858\"><p class=\"\" data-start=\"486\" data-end=\"858\">Preenche o nome da empresa, o e-mail e a palavra-passe<br data-start=\"532\" data-end=\"535\" \/>Depois de criares a tua conta, deve preencher todas as informa\u00e7\u00f5es exigidas e apresentar a documenta\u00e7\u00e3o necess\u00e1ria.<br data-start=\"649\" data-end=\"652\" \/>Se completaste todos os passos acima, parab\u00e9ns! Est\u00e1s agora pronto para ativar a tua conta.<br data-start=\"752\" data-end=\"755\" \/>Se necessitares de assist\u00eancia, podes contactar-nos atrav\u00e9s do nosso formul\u00e1rio, ticket de suporte ou por correio eletr\u00f3nico para <a rel=\"noopener\" data-start=\"841\" data-end=\"857\">suporte@gotuk.pt.<\/a>.<\/p><\/li><\/ul>\t\t\t\t\t\t\t\t<\/div>\n\t\t\t\t<\/div>\n\t\t\t\t<\/div>\n\t\t\t\t\t<\/details>\n\t\t\t\t\t\t<details id=\"e-n-accordion-item-1001\" class=\"e-n-accordion-item\" >\n\t\t\t\t<summary class=\"e-n-accordion-item-title\" data-accordion-index=\"2\" tabindex=\"-1\" aria-expanded=\"false\" aria-controls=\"e-n-accordion-item-1001\" >\n\t\t\t\t\t<span class='e-n-accordion-item-title-header'><div class=\"e-n-accordion-item-title-text\"> O que acontece depois de apresentar os meus documentos? <\/div><\/span>\n\t\t\t\t\t\t\t<span class='e-n-accordion-item-title-icon'>\n\t\t\t<span class='e-opened' ><svg xmlns=\"http:\/\/www.w3.org\/2000\/svg\" width=\"39\" height=\"39\" viewbox=\"0 0 39 39\" fill=\"none\"><g clip-path=\"url(#clip0_1_2294)\"><path d=\"M0.822662 19.3182C0.822662 29.7333 9.26577 38.1764 19.6809 38.1764C30.096 38.1764 38.5391 29.7333 38.5391 19.3182C38.5391 8.90306 30.096 0.459961 19.6809 0.459961C9.26577 0.459961 0.822662 8.90306 0.822662 19.3182Z\" stroke=\"#F3F3F3\" stroke-width=\"0.919913\"><\/path><rect x=\"11\" y=\"19\" width=\"18\" height=\"2\" rx=\"1\" fill=\"#E51D45\"><\/rect><\/g><defs><clippath id=\"clip0_1_2294\"><rect width=\"39\" height=\"39\" fill=\"white\"><\/rect><\/clippath><\/defs><\/svg><\/span>\n\t\t\t<span class='e-closed'><svg xmlns=\"http:\/\/www.w3.org\/2000\/svg\" width=\"39\" height=\"39\" viewbox=\"0 0 39 39\" fill=\"none\"><g clip-path=\"url(#clip0_1_491)\"><path d=\"M0.822662 19.3182C0.822662 29.7333 9.26577 38.1764 19.6809 38.1764C30.096 38.1764 38.5391 29.7333 38.5391 19.3182C38.5391 8.90306 30.096 0.459961 19.6809 0.459961C9.26577 0.459961 0.822662 8.90306 0.822662 19.3182Z\" stroke=\"#F3F3F3\" stroke-width=\"0.919913\"><\/path><path fill-rule=\"evenodd\" clip-rule=\"evenodd\" d=\"M21.1444 26.2014L21.0987 19.8148L27.4852 19.8605C28.0773 19.8647 28.5538 19.3882 28.5496 18.7961C28.5454 18.204 28.0619 17.7206 27.4698 17.7163L20.998 17.67L20.9517 11.1989C20.9475 10.6068 20.464 10.1234 19.8719 10.1192C19.2798 10.1149 18.8033 10.5915 18.8075 11.1836L18.8532 17.5702L12.4668 17.5245C11.8747 17.5203 11.3981 17.9968 11.4024 18.5889C11.4066 19.181 11.89 19.6644 12.4821 19.6687L18.954 19.715L19.0003 26.1861C19.0045 26.7782 19.4879 27.2616 20.08 27.2658C20.6721 27.2701 21.1487 26.7935 21.1444 26.2014Z\" fill=\"#E51D45\"><\/path><\/g><defs><clippath id=\"clip0_1_491\"><rect width=\"39\" height=\"39\" fill=\"white\"><\/rect><\/clippath><\/defs><\/svg><\/span>\n\t\t<\/span>\n\n\t\t\t\t\t\t<\/summary>\n\t\t\t\t<div role=\"region\" aria-labelledby=\"e-n-accordion-item-1001\" class=\"elementor-element elementor-element-dc2bf8d e-con-full e-flex e-con e-child\" data-id=\"dc2bf8d\" data-element_type=\"container\" data-e-type=\"container\">\n\t\t\t\t<div class=\"elementor-element elementor-element-7a79c92 elementor-widget elementor-widget-text-editor\" data-id=\"7a79c92\" data-element_type=\"widget\" data-e-type=\"widget\" data-widget_type=\"text-editor.default\">\n\t\t\t\t<div class=\"elementor-widget-container\">\n\t\t\t\t\t\t\t\t\t<p>A tua conta passar\u00e1 por um processo de valida\u00e7\u00e3o e aprova\u00e7\u00e3o dos documentos apresentados. Uma vez aprovado, receber\u00e1s um c\u00f3digo interno.<\/p>\t\t\t\t\t\t\t\t<\/div>\n\t\t\t\t<\/div>\n\t\t\t\t<\/div>\n\t\t\t\t\t<\/details>\n\t\t\t\t\t\t<details id=\"e-n-accordion-item-1002\" class=\"e-n-accordion-item\" >\n\t\t\t\t<summary class=\"e-n-accordion-item-title\" data-accordion-index=\"3\" tabindex=\"-1\" aria-expanded=\"false\" aria-controls=\"e-n-accordion-item-1002\" >\n\t\t\t\t\t<span class='e-n-accordion-item-title-header'><div class=\"e-n-accordion-item-title-text\"> Como posso associar um guia \u00e0 minha organiza\u00e7\u00e3o? <\/div><\/span>\n\t\t\t\t\t\t\t<span class='e-n-accordion-item-title-icon'>\n\t\t\t<span class='e-opened' ><svg xmlns=\"http:\/\/www.w3.org\/2000\/svg\" width=\"39\" height=\"39\" viewbox=\"0 0 39 39\" fill=\"none\"><g clip-path=\"url(#clip0_1_2294)\"><path d=\"M0.822662 19.3182C0.822662 29.7333 9.26577 38.1764 19.6809 38.1764C30.096 38.1764 38.5391 29.7333 38.5391 19.3182C38.5391 8.90306 30.096 0.459961 19.6809 0.459961C9.26577 0.459961 0.822662 8.90306 0.822662 19.3182Z\" stroke=\"#F3F3F3\" stroke-width=\"0.919913\"><\/path><rect x=\"11\" y=\"19\" width=\"18\" height=\"2\" rx=\"1\" fill=\"#E51D45\"><\/rect><\/g><defs><clippath id=\"clip0_1_2294\"><rect width=\"39\" height=\"39\" fill=\"white\"><\/rect><\/clippath><\/defs><\/svg><\/span>\n\t\t\t<span class='e-closed'><svg xmlns=\"http:\/\/www.w3.org\/2000\/svg\" width=\"39\" height=\"39\" viewbox=\"0 0 39 39\" fill=\"none\"><g clip-path=\"url(#clip0_1_491)\"><path d=\"M0.822662 19.3182C0.822662 29.7333 9.26577 38.1764 19.6809 38.1764C30.096 38.1764 38.5391 29.7333 38.5391 19.3182C38.5391 8.90306 30.096 0.459961 19.6809 0.459961C9.26577 0.459961 0.822662 8.90306 0.822662 19.3182Z\" stroke=\"#F3F3F3\" stroke-width=\"0.919913\"><\/path><path fill-rule=\"evenodd\" clip-rule=\"evenodd\" d=\"M21.1444 26.2014L21.0987 19.8148L27.4852 19.8605C28.0773 19.8647 28.5538 19.3882 28.5496 18.7961C28.5454 18.204 28.0619 17.7206 27.4698 17.7163L20.998 17.67L20.9517 11.1989C20.9475 10.6068 20.464 10.1234 19.8719 10.1192C19.2798 10.1149 18.8033 10.5915 18.8075 11.1836L18.8532 17.5702L12.4668 17.5245C11.8747 17.5203 11.3981 17.9968 11.4024 18.5889C11.4066 19.181 11.89 19.6644 12.4821 19.6687L18.954 19.715L19.0003 26.1861C19.0045 26.7782 19.4879 27.2616 20.08 27.2658C20.6721 27.2701 21.1487 26.7935 21.1444 26.2014Z\" fill=\"#E51D45\"><\/path><\/g><defs><clippath id=\"clip0_1_491\"><rect width=\"39\" height=\"39\" fill=\"white\"><\/rect><\/clippath><\/defs><\/svg><\/span>\n\t\t<\/span>\n\n\t\t\t\t\t\t<\/summary>\n\t\t\t\t<div role=\"region\" aria-labelledby=\"e-n-accordion-item-1002\" class=\"elementor-element elementor-element-04fcb14 e-con-full e-flex e-con e-child\" data-id=\"04fcb14\" data-element_type=\"container\" data-e-type=\"container\">\n\t\t\t\t<div class=\"elementor-element elementor-element-768ff61 elementor-widget elementor-widget-text-editor\" data-id=\"768ff61\" data-element_type=\"widget\" data-e-type=\"widget\" data-widget_type=\"text-editor.default\">\n\t\t\t\t<div class=\"elementor-widget-container\">\n\t\t\t\t\t\t\t\t\t<p class=\"\" data-start=\"1141\" data-end=\"1401\">Para associares o teu guia \u00e0 tua organiza\u00e7\u00e3o, deves fornecer o teu c\u00f3digo interno e aprov\u00e1-lo atrav\u00e9s do BackOffice.<br data-start=\"1347\" data-end=\"1350\" \/>Para rever e aprovar guias, siga estes passos:<\/p><ul data-start=\"1402\" data-end=\"1542\"><li class=\"\" data-start=\"1402\" data-end=\"1431\"><p class=\"\" data-start=\"1404\" data-end=\"1431\">Clica no separador \"Guias<\/p><\/li><li class=\"\" data-start=\"1432\" data-end=\"1500\"><p class=\"\" data-start=\"1434\" data-end=\"1500\">Clica no \"\u00edcone da lupa\" e rev\u00ea todos os pormenores<\/p><\/li><li class=\"\" data-start=\"1501\" data-end=\"1542\"><p class=\"\" data-start=\"1503\" data-end=\"1542\">Clica em \"Aceitar conta\" ap\u00f3s a valida\u00e7\u00e3o<\/p><\/li><\/ul>\t\t\t\t\t\t\t\t<\/div>\n\t\t\t\t<\/div>\n\t\t\t\t<\/div>\n\t\t\t\t\t<\/details>\n\t\t\t\t\t\t<details id=\"e-n-accordion-item-1003\" class=\"e-n-accordion-item\" >\n\t\t\t\t<summary class=\"e-n-accordion-item-title\" data-accordion-index=\"4\" tabindex=\"-1\" aria-expanded=\"false\" aria-controls=\"e-n-accordion-item-1003\" >\n\t\t\t\t\t<span class='e-n-accordion-item-title-header'><div class=\"e-n-accordion-item-title-text\"> Como \u00e9 que adiciono Tuk Tuks \u00e0 plataforma? <\/div><\/span>\n\t\t\t\t\t\t\t<span class='e-n-accordion-item-title-icon'>\n\t\t\t<span class='e-opened' ><svg xmlns=\"http:\/\/www.w3.org\/2000\/svg\" width=\"39\" height=\"39\" viewbox=\"0 0 39 39\" fill=\"none\"><g clip-path=\"url(#clip0_1_2294)\"><path d=\"M0.822662 19.3182C0.822662 29.7333 9.26577 38.1764 19.6809 38.1764C30.096 38.1764 38.5391 29.7333 38.5391 19.3182C38.5391 8.90306 30.096 0.459961 19.6809 0.459961C9.26577 0.459961 0.822662 8.90306 0.822662 19.3182Z\" stroke=\"#F3F3F3\" stroke-width=\"0.919913\"><\/path><rect x=\"11\" y=\"19\" width=\"18\" height=\"2\" rx=\"1\" fill=\"#E51D45\"><\/rect><\/g><defs><clippath id=\"clip0_1_2294\"><rect width=\"39\" height=\"39\" fill=\"white\"><\/rect><\/clippath><\/defs><\/svg><\/span>\n\t\t\t<span class='e-closed'><svg xmlns=\"http:\/\/www.w3.org\/2000\/svg\" width=\"39\" height=\"39\" viewbox=\"0 0 39 39\" fill=\"none\"><g clip-path=\"url(#clip0_1_491)\"><path d=\"M0.822662 19.3182C0.822662 29.7333 9.26577 38.1764 19.6809 38.1764C30.096 38.1764 38.5391 29.7333 38.5391 19.3182C38.5391 8.90306 30.096 0.459961 19.6809 0.459961C9.26577 0.459961 0.822662 8.90306 0.822662 19.3182Z\" stroke=\"#F3F3F3\" stroke-width=\"0.919913\"><\/path><path fill-rule=\"evenodd\" clip-rule=\"evenodd\" d=\"M21.1444 26.2014L21.0987 19.8148L27.4852 19.8605C28.0773 19.8647 28.5538 19.3882 28.5496 18.7961C28.5454 18.204 28.0619 17.7206 27.4698 17.7163L20.998 17.67L20.9517 11.1989C20.9475 10.6068 20.464 10.1234 19.8719 10.1192C19.2798 10.1149 18.8033 10.5915 18.8075 11.1836L18.8532 17.5702L12.4668 17.5245C11.8747 17.5203 11.3981 17.9968 11.4024 18.5889C11.4066 19.181 11.89 19.6644 12.4821 19.6687L18.954 19.715L19.0003 26.1861C19.0045 26.7782 19.4879 27.2616 20.08 27.2658C20.6721 27.2701 21.1487 26.7935 21.1444 26.2014Z\" fill=\"#E51D45\"><\/path><\/g><defs><clippath id=\"clip0_1_491\"><rect width=\"39\" height=\"39\" fill=\"white\"><\/rect><\/clippath><\/defs><\/svg><\/span>\n\t\t<\/span>\n\n\t\t\t\t\t\t<\/summary>\n\t\t\t\t<div role=\"region\" aria-labelledby=\"e-n-accordion-item-1003\" class=\"elementor-element elementor-element-5942fe5 e-con-full e-flex e-con e-child\" data-id=\"5942fe5\" data-element_type=\"container\" data-e-type=\"container\">\n\t\t\t\t<div class=\"elementor-element elementor-element-4ee55cc elementor-widget elementor-widget-text-editor\" data-id=\"4ee55cc\" data-element_type=\"widget\" data-e-type=\"widget\" data-widget_type=\"text-editor.default\">\n\t\t\t\t<div class=\"elementor-widget-container\">\n\t\t\t\t\t\t\t\t\t<p class=\"\" data-start=\"1561\" data-end=\"1731\">Tamb\u00e9m podes adicionar Tuk Tuks atrav\u00e9s do BackOffice, seguindo estes passos:<\/p><ul data-start=\"1732\" data-end=\"2254\"><li class=\"\" data-start=\"1732\" data-end=\"1759\"><p class=\"\" data-start=\"1734\" data-end=\"1759\">Clica no separador \"Tuks<\/p><\/li><li class=\"\" data-start=\"1760\" data-end=\"1780\"><p class=\"\" data-start=\"1762\" data-end=\"1780\">Clica em \"+ Adicionar\"<\/p><\/li><li class=\"\" data-start=\"1781\" data-end=\"1857\"><p class=\"\" data-start=\"1783\" data-end=\"1857\">Preenche com a matr\u00edcula, o n\u00famero de lugares e especificar se \u00e9 el\u00e9trico<\/p><\/li><li class=\"\" data-start=\"1858\" data-end=\"2254\"><p class=\"\" data-start=\"1860\" data-end=\"1962\">Clica no \u00edcone da lupa, preenche todos os dados e envia a documenta\u00e7\u00e3o necess\u00e1ria:<\/p><ul data-start=\"1965\" data-end=\"2254\"><li class=\"\" data-start=\"1965\" data-end=\"1998\"><p class=\"\" data-start=\"1967\" data-end=\"1998\">Documento de registo do ve\u00edculo<\/p><\/li><li class=\"\" data-start=\"2001\" data-end=\"2067\"><p class=\"\" data-start=\"2003\" data-end=\"2067\">Seguro de acidentes pessoais (dados da ap\u00f3lice + recibo de pagamento)<\/p><\/li><li class=\"\" data-start=\"2070\" data-end=\"2127\"><p class=\"\" data-start=\"2072\" data-end=\"2127\">Carta verde e prova de pagamento do seguro do ve\u00edculo<\/p><\/li><li class=\"\" data-start=\"2130\" data-end=\"2254\"><p class=\"\" data-start=\"2132\" data-end=\"2254\">N\u00e3o te esque\u00e7a de especificar o n\u00famero de lugares<br data-start=\"2175\" data-end=\"2178\" \/>(Todos os documentos apresentados passar\u00e3o por um processo de valida\u00e7\u00e3o e aprova\u00e7\u00e3o).<\/p><\/li><\/ul><\/li><\/ul>\t\t\t\t\t\t\t\t<\/div>\n\t\t\t\t<\/div>\n\t\t\t\t<\/div>\n\t\t\t\t\t<\/details>\n\t\t\t\t\t\t<details id=\"e-n-accordion-item-1004\" class=\"e-n-accordion-item\" >\n\t\t\t\t<summary class=\"e-n-accordion-item-title\" data-accordion-index=\"5\" tabindex=\"-1\" aria-expanded=\"false\" aria-controls=\"e-n-accordion-item-1004\" >\n\t\t\t\t\t<span class='e-n-accordion-item-title-header'><div class=\"e-n-accordion-item-title-text\"> Como posso atualizar ou remover ve\u00edculos listados? <\/div><\/span>\n\t\t\t\t\t\t\t<span class='e-n-accordion-item-title-icon'>\n\t\t\t<span class='e-opened' ><svg xmlns=\"http:\/\/www.w3.org\/2000\/svg\" width=\"39\" height=\"39\" viewbox=\"0 0 39 39\" fill=\"none\"><g clip-path=\"url(#clip0_1_2294)\"><path d=\"M0.822662 19.3182C0.822662 29.7333 9.26577 38.1764 19.6809 38.1764C30.096 38.1764 38.5391 29.7333 38.5391 19.3182C38.5391 8.90306 30.096 0.459961 19.6809 0.459961C9.26577 0.459961 0.822662 8.90306 0.822662 19.3182Z\" stroke=\"#F3F3F3\" stroke-width=\"0.919913\"><\/path><rect x=\"11\" y=\"19\" width=\"18\" height=\"2\" rx=\"1\" fill=\"#E51D45\"><\/rect><\/g><defs><clippath id=\"clip0_1_2294\"><rect width=\"39\" height=\"39\" fill=\"white\"><\/rect><\/clippath><\/defs><\/svg><\/span>\n\t\t\t<span class='e-closed'><svg xmlns=\"http:\/\/www.w3.org\/2000\/svg\" width=\"39\" height=\"39\" viewbox=\"0 0 39 39\" fill=\"none\"><g clip-path=\"url(#clip0_1_491)\"><path d=\"M0.822662 19.3182C0.822662 29.7333 9.26577 38.1764 19.6809 38.1764C30.096 38.1764 38.5391 29.7333 38.5391 19.3182C38.5391 8.90306 30.096 0.459961 19.6809 0.459961C9.26577 0.459961 0.822662 8.90306 0.822662 19.3182Z\" stroke=\"#F3F3F3\" stroke-width=\"0.919913\"><\/path><path fill-rule=\"evenodd\" clip-rule=\"evenodd\" d=\"M21.1444 26.2014L21.0987 19.8148L27.4852 19.8605C28.0773 19.8647 28.5538 19.3882 28.5496 18.7961C28.5454 18.204 28.0619 17.7206 27.4698 17.7163L20.998 17.67L20.9517 11.1989C20.9475 10.6068 20.464 10.1234 19.8719 10.1192C19.2798 10.1149 18.8033 10.5915 18.8075 11.1836L18.8532 17.5702L12.4668 17.5245C11.8747 17.5203 11.3981 17.9968 11.4024 18.5889C11.4066 19.181 11.89 19.6644 12.4821 19.6687L18.954 19.715L19.0003 26.1861C19.0045 26.7782 19.4879 27.2616 20.08 27.2658C20.6721 27.2701 21.1487 26.7935 21.1444 26.2014Z\" fill=\"#E51D45\"><\/path><\/g><defs><clippath id=\"clip0_1_491\"><rect width=\"39\" height=\"39\" fill=\"white\"><\/rect><\/clippath><\/defs><\/svg><\/span>\n\t\t<\/span>\n\n\t\t\t\t\t\t<\/summary>\n\t\t\t\t<div role=\"region\" aria-labelledby=\"e-n-accordion-item-1004\" class=\"elementor-element elementor-element-5385948 e-con-full e-flex e-con e-child\" data-id=\"5385948\" data-element_type=\"container\" data-e-type=\"container\">\n\t\t\t\t<div class=\"elementor-element elementor-element-a403f17 elementor-widget elementor-widget-text-editor\" data-id=\"a403f17\" data-element_type=\"widget\" data-e-type=\"widget\" data-widget_type=\"text-editor.default\">\n\t\t\t\t<div class=\"elementor-widget-container\">\n\t\t\t\t\t\t\t\t\t<p class=\"\" data-start=\"2273\" data-end=\"2830\">Se, por engano, adicionaste ve\u00edculos duplicados ou j\u00e1 n\u00e3o est\u00e1s a conduzir um ve\u00edculo listado, basta ires ao separador \"Tuks\" no BackOffice, onde pode fazer as altera\u00e7\u00f5es necess\u00e1rias ou eliminar Tuk Tuks.<br data-start=\"2577\" data-end=\"2580\" \/>Se decidires reutilizar um ve\u00edculo suprimido, ter\u00e1s de voltar a apresentar os documentos necess\u00e1rios.<br data-start=\"2679\" data-end=\"2682\" \/>Note-se que quaisquer altera\u00e7\u00f5es \u00e0 documenta\u00e7\u00e3o ou novas adi\u00e7\u00f5es de Tuk exigir\u00e3o sempre uma reavalia\u00e7\u00e3o e estar\u00e3o sujeitas a valida\u00e7\u00e3o e aprova\u00e7\u00e3o.<\/p>\t\t\t\t\t\t\t\t<\/div>\n\t\t\t\t<\/div>\n\t\t\t\t<\/div>\n\t\t\t\t\t<\/details>\n\t\t\t\t\t<\/div>\n\t\t\t\t\t\t<\/div>\n\t\t\t\t<\/div>\n\t\t\t\t<\/div>\n\t\t\t\t\t<\/div>\n\t\t\t\t<\/div>\n\t\t\t\t<\/div>","protected":false},"excerpt":{"rendered":"<p>Don&#8217;t Waste Time or Customers \u2013 Join GoTuk, the App That Will Boost Your Business! How do I create an account on the BackOffice for Organizations (Orgs)? If you are a company or a self-employed professional, the first step is to create an account on the dedicated BackOffice for Organizations (Orgs) at https:\/\/business.gotuk.pt\/.Follow these steps: [&hellip;]<\/p>\n","protected":false},"author":4,"featured_media":0,"parent":0,"menu_order":0,"comment_status":"closed","ping_status":"closed","template":"elementor_header_footer","meta":{"_joinchat":[],"footnotes":""},"class_list":["post-507","page","type-page","status-publish","hentry"],"_links":{"self":[{"href":"https:\/\/gotuk.pt\/pt\/wp-json\/wp\/v2\/pages\/507","targetHints":{"allow":["GET"]}}],"collection":[{"href":"https:\/\/gotuk.pt\/pt\/wp-json\/wp\/v2\/pages"}],"about":[{"href":"https:\/\/gotuk.pt\/pt\/wp-json\/wp\/v2\/types\/page"}],"author":[{"embeddable":true,"href":"https:\/\/gotuk.pt\/pt\/wp-json\/wp\/v2\/users\/4"}],"replies":[{"embeddable":true,"href":"https:\/\/gotuk.pt\/pt\/wp-json\/wp\/v2\/comments?post=507"}],"version-history":[{"count":5,"href":"https:\/\/gotuk.pt\/pt\/wp-json\/wp\/v2\/pages\/507\/revisions"}],"predecessor-version":[{"id":771,"href":"https:\/\/gotuk.pt\/pt\/wp-json\/wp\/v2\/pages\/507\/revisions\/771"}],"wp:attachment":[{"href":"https:\/\/gotuk.pt\/pt\/wp-json\/wp\/v2\/media?parent=507"}],"curies":[{"name":"wp","href":"https:\/\/api.w.org\/{rel}","templated":true}]}}