{"id":550,"date":"2025-04-08T15:44:09","date_gmt":"2025-04-08T15:44:09","guid":{"rendered":"https:\/\/gotuk.pt\/?page_id=550"},"modified":"2026-03-24T01:34:03","modified_gmt":"2026-03-24T01:34:03","slug":"politica-de-cookies","status":"publish","type":"page","link":"https:\/\/gotuk.pt\/pt\/cookie-policy\/","title":{"rendered":"Pol\u00edtica de Cookies"},"content":{"rendered":"<div data-elementor-type=\"wp-page\" data-elementor-id=\"550\" class=\"elementor elementor-550\" data-elementor-post-type=\"page\">\n\t\t\t\t<div class=\"elementor-element elementor-element-6ae8965 e-flex e-con-boxed e-con e-parent\" data-id=\"6ae8965\" data-element_type=\"container\" data-e-type=\"container\" data-settings=\"{&quot;background_background&quot;:&quot;classic&quot;}\">\n\t\t\t\t\t<div class=\"e-con-inner\">\n\t\t\t\t<div class=\"elementor-element elementor-element-e7e0773 elementor-vertical-align-middle elementor-widget elementor-widget-image-box\" data-id=\"e7e0773\" data-element_type=\"widget\" data-e-type=\"widget\" data-widget_type=\"image-box.default\">\n\t\t\t\t<div class=\"elementor-widget-container\">\n\t\t\t\t\t<div class=\"elementor-image-box-wrapper\"><div class=\"elementor-image-box-content\"><h3 class=\"elementor-image-box-title\">Pol\u00edtica de Cookies<\/h3><\/div><\/div>\t\t\t\t<\/div>\n\t\t\t\t<\/div>\n\t\t\t\t\t<\/div>\n\t\t\t\t<\/div>\n\t\t<div class=\"elementor-element elementor-element-daa538a e-flex e-con-boxed e-con e-parent\" data-id=\"daa538a\" data-element_type=\"container\" data-e-type=\"container\">\n\t\t\t\t\t<div class=\"e-con-inner\">\n\t\t\t\t<div class=\"elementor-element elementor-element-221e5dc elementor-widget__width-inherit elementor-widget elementor-widget-text-editor\" data-id=\"221e5dc\" data-element_type=\"widget\" data-e-type=\"widget\" data-widget_type=\"text-editor.default\">\n\t\t\t\t<div class=\"elementor-widget-container\">\n\t\t\t\t\t\t\t\t\t<h6 data-start=\"176\" data-end=\"202\"><strong>Prefer\u00eancias: <\/strong> Armazenar as suas escolhas e configura\u00e7\u00f5es.<br \/><strong>\u00daltima atualiza\u00e7\u00e3o: 04\/04\/2025<\/strong><br \/>A GoTuk valoriza a privacidade dos seus utilizadores e est\u00e1 comprometida com a transpar\u00eancia no uso de cookies na nossa\u00a0aplica\u00e7\u00e3o\u00a0e\/ ou\u00a0site. Esta pol\u00edtica\nexplica como utilizamos cookies e outras tecnologias similares, em conformidade com o Regulamento Geral sobre a Prote\u00e7\u00e3o de Dados (RGPD) da Uni\u00e3o Europeia e a legisla\u00e7\u00e3o portuguesa.<\/h6><p><strong>1. O que s\u00e3o cookies?<\/strong><\/p><p class=\"translation-block\" data-start=\"203\" data-end=\"500\">Cookies s\u00e3o pequenos ficheiros de texto armazenados no seu dispositivo quando visita um site ou utiliza uma aplica\u00e7\u00e3o. Eles ajudam a melhorar a sua experi\u00eancia, recordar prefer\u00eancias e fornecer an\u00e1lises sobre a utiliza\u00e7\u00e3o da plataforma.<\/p><h6 data-start=\"507\" data-end=\"544\"><strong data-start=\"512\" data-end=\"542\">2. Como utilizamos os cookies?<\/strong><\/h6><p>Utilizamos cookies para:<\/p><ul><li><strong>Funcionalidade:<\/strong> Garantir o funcionamento adequado do site e da aplica\u00e7\u00e3o.<\/li><li><strong>Prefer\u00eancias:<\/strong> Guarde as suas escolhas e defini\u00e7\u00f5es.<\/li><li class=\"translation-block\"><strong>Desempenho e An\u00e1lises: : <\/strong> Recolher dados sobre a intera\u00e7\u00e3o do utilizador para\nmelhorar os nossos servi\u00e7os.<\/li><li><strong>Publicidade:<\/strong> Apresentar an\u00fancios personalizados com base nos seus interesses.<\/li><\/ul><h6 data-start=\"1029\" data-end=\"1070\"><strong data-start=\"1034\" data-end=\"1068\">3. Tipos de cookies que utilizamos<\/strong><\/h6><ul><li data-start=\"1071\" data-end=\"1100\"><strong> Cookies Essenciais:  <\/strong>Necess\u00e1rios para o funcionamento da plataforma.<\/li><li data-start=\"1071\" data-end=\"1100\" class=\"translation-block\"><strong> Cookies de Desempenho:  <\/strong> Monitorizam a utiliza\u00e7\u00e3o da aplica\u00e7\u00e3o\u00a0e\/ ou\u00a0site para otimizar a experi\u00eancia do utilizador.<\/li><li data-start=\"1071\" data-end=\"1100\"><strong> Cookies de Funcionalidade: <\/strong>  Armazenam prefer\u00eancias e personaliza\u00e7\u00f5es.<\/li><li data-start=\"1071\" data-end=\"1100\"><strong> Cookies de Publicidade: <\/strong> Utilizados para apresentar an\u00fancios\u00a0relevantes.<\/li><\/ul><h6 data-start=\"1358\" data-end=\"1403\"><strong data-start=\"1363\" data-end=\"1401\">4. Base legal para a utiliza\u00e7\u00e3o de cookies<\/strong><\/h6><p class=\"\" data-start=\"1404\" data-end=\"1434\">De acordo com o RGPD e a legisla\u00e7\u00e3o portuguesa, utilizamos cookies com base no consentimento do utilizador, exceto para cookies estritamente necess\u00e1rios ao funcionamento da plataforma. Pode gerir as suas prefer\u00eancias de cookies a qualquer momento.<\/p><h6 data-start=\"1624\" data-end=\"1650\"><strong data-start=\"1629\" data-end=\"1648\">5. Gest\u00e3o de cookies<\/strong><\/h6><p class=\"\" data-start=\"1651\" data-end=\"1682\">Pode controlar e desativar os cookies nas configura\u00e7\u00f5es do seu navegador ou nas prefer\u00eancias da aplica\u00e7\u00e3o\u00a0e\/ ou\u00a0site. No entanto, a desativa\u00e7\u00e3o de alguns cookies pode afetar a sua experi\u00eancia na plataforma.<\/p><h6 data-start=\"1860\" data-end=\"1892\"><strong data-start=\"1865\" data-end=\"1890\">6. Altera\u00e7\u00f5es a esta pol\u00edtica<\/strong><\/h6><p class=\"\" data-start=\"1893\" data-end=\"1919\">Podemos atualizar esta Pol\u00edtica de Cookies periodicamente. Recomendamos que os utilizadores revejam esta p\u00e1gina regularmente para acompanhar\nquaisquer altera\u00e7\u00f5es.<\/p><h6 data-start=\"3255\" data-end=\"3277\"><strong data-start=\"3260\" data-end=\"3275\">7. Contacto<\/strong><\/h6><p class=\"translation-block\" data-start=\"3278\" data-end=\"3436\">Se tiver d\u00favidas sobre esta Pol\u00edtica de Cookies, entre em contacto pelo e-mail:\u00a0suporte@gotuk.pt<\/p>\t\t\t\t\t\t\t\t<\/div>\n\t\t\t\t<\/div>\n\t\t\t\t\t<\/div>\n\t\t\t\t<\/div>\n\t\t\t\t<\/div>","protected":false},"excerpt":{"rendered":"<p>Cookie Policy GoTuk Cookie PolicyLast updated: 04\/04\/2025GoTuk values the privacy of its users and is committed to transparency in the use of cookies on our website and application. This policy explains how we use cookies and other similar technologies in compliance with the European Union\u00b4s General Data Protection Regulation (GDPR) and Portuguese legislation. 1. What [&hellip;]<\/p>\n","protected":false},"author":4,"featured_media":0,"parent":0,"menu_order":0,"comment_status":"closed","ping_status":"closed","template":"elementor_header_footer","meta":{"_joinchat":[],"footnotes":""},"class_list":["post-550","page","type-page","status-publish","hentry"],"_links":{"self":[{"href":"https:\/\/gotuk.pt\/pt\/wp-json\/wp\/v2\/pages\/550","targetHints":{"allow":["GET"]}}],"collection":[{"href":"https:\/\/gotuk.pt\/pt\/wp-json\/wp\/v2\/pages"}],"about":[{"href":"https:\/\/gotuk.pt\/pt\/wp-json\/wp\/v2\/types\/page"}],"author":[{"embeddable":true,"href":"https:\/\/gotuk.pt\/pt\/wp-json\/wp\/v2\/users\/4"}],"replies":[{"embeddable":true,"href":"https:\/\/gotuk.pt\/pt\/wp-json\/wp\/v2\/comments?post=550"}],"version-history":[{"count":17,"href":"https:\/\/gotuk.pt\/pt\/wp-json\/wp\/v2\/pages\/550\/revisions"}],"predecessor-version":[{"id":1452,"href":"https:\/\/gotuk.pt\/pt\/wp-json\/wp\/v2\/pages\/550\/revisions\/1452"}],"wp:attachment":[{"href":"https:\/\/gotuk.pt\/pt\/wp-json\/wp\/v2\/media?parent=550"}],"curies":[{"name":"wp","href":"https:\/\/api.w.org\/{rel}","templated":true}]}}