{"id":928,"date":"2025-07-07T13:48:09","date_gmt":"2025-07-07T13:48:09","guid":{"rendered":"https:\/\/gotuk.pt\/?page_id=928"},"modified":"2026-03-24T01:34:00","modified_gmt":"2026-03-24T01:34:00","slug":"guias-do-regulamento-interno","status":"publish","type":"page","link":"https:\/\/gotuk.pt\/pt\/internal-regulations-guides\/","title":{"rendered":"Guias de Regulamentos Internos"},"content":{"rendered":"<div data-elementor-type=\"wp-page\" data-elementor-id=\"928\" class=\"elementor elementor-928\" data-elementor-post-type=\"page\">\n\t\t\t\t<div class=\"elementor-element elementor-element-6ae8965 e-flex e-con-boxed e-con e-parent\" data-id=\"6ae8965\" data-element_type=\"container\" data-e-type=\"container\" data-settings=\"{&quot;background_background&quot;:&quot;classic&quot;}\">\n\t\t\t\t\t<div class=\"e-con-inner\">\n\t\t\t\t<div class=\"elementor-element elementor-element-e7e0773 elementor-vertical-align-middle elementor-widget elementor-widget-image-box\" data-id=\"e7e0773\" data-element_type=\"widget\" data-e-type=\"widget\" data-widget_type=\"image-box.default\">\n\t\t\t\t<div class=\"elementor-widget-container\">\n\t\t\t\t\t<div class=\"elementor-image-box-wrapper\"><div class=\"elementor-image-box-content\"><h3 class=\"elementor-image-box-title\">Guias de regulamenta\u00e7\u00e3o de dados<\/h3><\/div><\/div>\t\t\t\t<\/div>\n\t\t\t\t<\/div>\n\t\t\t\t\t<\/div>\n\t\t\t\t<\/div>\n\t\t<div class=\"elementor-element elementor-element-daa538a e-flex e-con-boxed e-con e-parent\" data-id=\"daa538a\" data-element_type=\"container\" data-e-type=\"container\">\n\t\t\t\t\t<div class=\"e-con-inner\">\n\t\t\t\t<div class=\"elementor-element elementor-element-221e5dc elementor-widget__width-inherit elementor-widget elementor-widget-text-editor\" data-id=\"221e5dc\" data-element_type=\"widget\" data-e-type=\"widget\" data-widget_type=\"text-editor.default\">\n\t\t\t\t<div class=\"elementor-widget-container\">\n\t\t\t\t\t\t\t\t\t<h6 data-start=\"176\" data-end=\"202\">Requisitos<\/h6><p><strong>1. Documenta\u00e7\u00e3o Atualizada<\/strong><\/p><p class=\"\" data-start=\"203\" data-end=\"500\">Para poder utilizar a GoTuk o Guide tem obrigatoriamente de ter a seguinte\ndocumenta\u00e7\u00e3o atualizada, submetida e aprovada em sistema:<\/p><ul><li data-start=\"203\" data-end=\"500\"><strong>Foto<\/strong><\/li><li data-start=\"203\" data-end=\"500\"><strong>Registo Criminal<\/strong><\/li><li data-start=\"203\" data-end=\"500\"><strong>Documentos de Identifica\u00e7\u00e3o (Cart\u00e3o do Cidad\u00e3o e Carta de Condu\u00e7\u00e3o)<\/strong><\/li><li data-start=\"203\" data-end=\"500\"><strong>Certificado de Forma\u00e7\u00e3o<\/strong><\/li><li data-start=\"203\" data-end=\"500\" class=\"translation-block\">Ap\u00f3lice de Seguro de\u00a0Acidentes de Trabalho <strong>no caso de n\u00e3o estar inclu\u00eddo\nna\u00a0Ap\u00f3lice da empresa onde trabalha<\/strong> (Condi\u00e7\u00f5es Particulares + Fatura ou Recibo)<\/li><\/ul><p>\u00a0<\/p><p>Caso algum documento esteja fora de validade ou desatualizado\no\u00a0guide\u00a0fica automaticamente com a conta bloqueada at\u00e9 submiss\u00e3o de\nnova documenta\u00e7\u00e3o, valida\u00e7\u00e3o\u00a0e aprova\u00e7\u00e3o da mesma.<\/p><h6 data-start=\"507\" data-end=\"544\"><strong data-start=\"512\" data-end=\"542\">Localiza\u00e7\u00e3o Ativa<\/strong><\/h6><p>Para poder utilizar a GoTuk o Guide tem obrigatoriamente de ter a localiza\u00e7\u00e3o do seu dispositivo ativa.<\/p><h6 data-start=\"1358\" data-end=\"1403\"><strong data-start=\"1363\" data-end=\"1401\">Notifica\u00e7\u00f5es Ativas<\/strong><\/h6><p class=\"\" data-start=\"1404\" data-end=\"1434\">Para poder receber notifica\u00e7\u00f5es de Tours dever\u00e1 ativar as notifica\u00e7\u00f5es.<\/p><h6 data-start=\"1624\" data-end=\"1650\"><strong data-start=\"1629\" data-end=\"1648\">Tours<\/strong><\/h6><ul><li data-start=\"1651\" data-end=\"1682\">No in\u00edcio do dia, o\u00a0Guide tem de selecionar a matr\u00edcula do\u00a0Tuk\u00a0Tuk\u00a0que ir\u00e1 conduzir.<\/li><li data-start=\"1651\" data-end=\"1682\">A atribui\u00e7\u00e3o autom\u00e1tica das Tours aos\u00a0Guides\u00a0\u00e9 feita automaticamente pela GoTuk, de acordo com as caracter\u00edsticas escolhidas pelo utilizador (l\u00edngua e n\u00famero de lugares) e de acordo com o ranking, onde o Guide com melhor avalia\u00e7\u00e3o ter\u00e1 sempre prioridade.<\/li><li data-start=\"1651\" data-end=\"1682\">Nos casos das Tours no pr\u00f3prio dia (go\u00a0now), os\u00a0Guides\u00a0que estiverem dispon\u00edveis, dentro das caracter\u00edsticas selecionadas pelo utilizador, receber\u00e3o uma notifica\u00e7\u00e3o para aceitar, sendo que o Guide que aceitar primeiro ficar\u00e1 com a Tour em quest\u00e3o.<\/li><li data-start=\"1651\" data-end=\"1682\">Os\u00a0Guides\u00a0recebem notifica\u00e7\u00e3o para iniciar a Tour alguns minutos antes do hor\u00e1rio da mesma. Dever\u00e3o iniciar e terminar as Tours dentro dos hor\u00e1rios pr\u00e9-\nestabelecidos, a fim de poderem receber mais Tours.<\/li><li data-start=\"1651\" data-end=\"1682\">As mensagens ficar\u00e3o dispon\u00edveis meia hora antes do in\u00edcio de cada Tour, a fim de poder interagir com o utilizador, ficando indispon\u00edveis assim que o tour\nfor terminado.<\/li><li data-start=\"1651\" data-end=\"1682\" class=\"translation-block\">O pagamento da Tour \u00e9 feito diretamente ao Guide no local de in\u00edcio do Tour.<\/li><\/ul><p class=\"\" data-start=\"1893\" data-end=\"1919\">\u00a0<\/p><h6 data-start=\"3255\" data-end=\"3277\"><strong>Proibido circular com utilizadores a mais<\/strong>\u00a0<\/h6><p><strong>N\u00e3o sobrecarregar os passageiros<\/strong><br \/><strong>N\u00e3o permita<\/strong>\u00a0mais utilizadores do que o n\u00famero de cintos no seu TUK. A GoTuk presa pela Seguran\u00e7a dos seus utilizadores. No caso de neglig\u00eancia por parte do Guide neste aspeto, em caso de acidente a responsabilidade ser\u00e1\ntotalmente do Guide, ficando sob pena de descida no ranking.<\/p><p><strong>Cancelar Tour nas 24h anteriores<\/strong><br \/>As Tours nunca devem ser canceladas pelo Guide, no entanto numa\u00a0situa\u00e7\u00e3o de emerg\u00eancia, devidamente justificada, a Tour ser\u00e1 cancelada, passando ao pr\u00f3ximo Guide. No entanto qualquer cancelamento causa penaliza\u00e7\u00e3o a n\u00edvel de ranking.<\/p><p>\u00a0<\/p><h6 data-start=\"3255\" data-end=\"3277\"><strong>Pre\u00e7os<\/strong>\u00a0<\/h6><p>Os pre\u00e7os praticados est\u00e3o sujeitos \u00e0s campanhas existentes.<\/p>\t\t\t\t\t\t\t\t<\/div>\n\t\t\t\t<\/div>\n\t\t\t\t\t<\/div>\n\t\t\t\t<\/div>\n\t\t\t\t<\/div>","protected":false},"excerpt":{"rendered":"<p>Data Regulations Guides Requirements 1. Updated Documentation To use GoTuk, the Guide must have the following up-to-date, submitted, and approved documents in the system: Photo Criminal Record Identification Documents (Citizen Card and Driver\u2019s License) Training Certificate Work Accident Insurance Policy, if not included in the company\u2019s insurancepolicy (Specific Conditions + Invoice or Receipt \u00a0 If [&hellip;]<\/p>\n","protected":false},"author":1,"featured_media":0,"parent":0,"menu_order":0,"comment_status":"closed","ping_status":"closed","template":"elementor_header_footer","meta":{"_joinchat":[],"footnotes":""},"class_list":["post-928","page","type-page","status-publish","hentry"],"_links":{"self":[{"href":"https:\/\/gotuk.pt\/pt\/wp-json\/wp\/v2\/pages\/928","targetHints":{"allow":["GET"]}}],"collection":[{"href":"https:\/\/gotuk.pt\/pt\/wp-json\/wp\/v2\/pages"}],"about":[{"href":"https:\/\/gotuk.pt\/pt\/wp-json\/wp\/v2\/types\/page"}],"author":[{"embeddable":true,"href":"https:\/\/gotuk.pt\/pt\/wp-json\/wp\/v2\/users\/1"}],"replies":[{"embeddable":true,"href":"https:\/\/gotuk.pt\/pt\/wp-json\/wp\/v2\/comments?post=928"}],"version-history":[{"count":10,"href":"https:\/\/gotuk.pt\/pt\/wp-json\/wp\/v2\/pages\/928\/revisions"}],"predecessor-version":[{"id":1449,"href":"https:\/\/gotuk.pt\/pt\/wp-json\/wp\/v2\/pages\/928\/revisions\/1449"}],"wp:attachment":[{"href":"https:\/\/gotuk.pt\/pt\/wp-json\/wp\/v2\/media?parent=928"}],"curies":[{"name":"wp","href":"https:\/\/api.w.org\/{rel}","templated":true}]}}